{"id":30,"date":"2016-06-01T16:17:47","date_gmt":"2016-06-01T14:17:47","guid":{"rendered":"http:\/\/www.ebje.de\/stender\/?page_id=30"},"modified":"2025-06-17T14:53:16","modified_gmt":"2025-06-17T12:53:16","slug":"ueber-uns","status":"publish","type":"page","link":"https:\/\/www.stender-hohenaspe.de\/?page_id=30","title":{"rendered":"\u00dcber uns"},"content":{"rendered":"<p><br \/>\n<div id=\"mega-menu-wrap-primary\" class=\"mega-menu-wrap\"><div class=\"mega-menu-toggle\"><div class=\"mega-toggle-blocks-left\"><\/div><div class=\"mega-toggle-blocks-center\"><\/div><div class=\"mega-toggle-blocks-right\"><div class='mega-toggle-block mega-menu-toggle-block mega-toggle-block-1' id='mega-toggle-block-1' tabindex='0'><button class='mega-toggle-standard mega-toggle-label' aria-expanded='false'><span class='mega-toggle-label-closed'>MENU<\/span><span class='mega-toggle-label-open'>MENU<\/span><\/button><\/div><\/div><\/div><ul id=\"mega-menu-primary\" class=\"mega-menu max-mega-menu mega-menu-horizontal mega-no-js\" data-event=\"hover_intent\" data-effect=\"fade_up\" data-effect-speed=\"200\" data-effect-mobile=\"disabled\" data-effect-speed-mobile=\"0\" data-mobile-force-width=\"false\" data-second-click=\"close\" data-document-click=\"collapse\" data-vertical-behaviour=\"accordion\" data-breakpoint=\"600\" data-unbind=\"true\" data-mobile-state=\"collapse_all\" data-mobile-direction=\"vertical\" data-hover-intent-timeout=\"300\" data-hover-intent-interval=\"100\"><li class=\"mega-menu-item mega-menu-item-type-post_type mega-menu-item-object-page mega-align-bottom-left mega-menu-flyout mega-menu-item-143\" id=\"mega-menu-item-143\"><a class=\"mega-menu-link\" href=\"https:\/\/www.stender-hohenaspe.de\/?page_id=30\" tabindex=\"0\">\u00dcber uns<\/a><\/li><li class=\"mega-menu-item mega-menu-item-type-post_type mega-menu-item-object-page mega-align-bottom-left mega-menu-flyout mega-menu-item-194\" id=\"mega-menu-item-194\"><a class=\"mega-menu-link\" href=\"https:\/\/www.stender-hohenaspe.de\/?page_id=191\" tabindex=\"0\">Aktuelles<\/a><\/li><li class=\"mega-menu-item mega-menu-item-type-post_type mega-menu-item-object-page mega-align-bottom-left mega-menu-flyout mega-menu-item-149\" id=\"mega-menu-item-149\"><a class=\"mega-menu-link\" href=\"https:\/\/www.stender-hohenaspe.de\/?page_id=21\" tabindex=\"0\">Handel \/ Service<\/a><\/li><li class=\"mega-menu-item mega-menu-item-type-post_type mega-menu-item-object-page mega-align-bottom-left mega-menu-flyout mega-menu-item-208\" id=\"mega-menu-item-208\"><a class=\"mega-menu-link\" href=\"https:\/\/www.stender-hohenaspe.de\/?page_id=204\" tabindex=\"0\">Standorte<\/a><\/li><li class=\"mega-menu-item mega-menu-item-type-post_type mega-menu-item-object-page mega-align-bottom-left mega-menu-flyout mega-menu-item-158\" id=\"mega-menu-item-158\"><a class=\"mega-menu-link\" href=\"https:\/\/www.stender-hohenaspe.de\/?page_id=32\" tabindex=\"0\">Download<\/a><\/li><li class=\"mega-menu-item mega-menu-item-type-post_type mega-menu-item-object-page mega-menu-item-privacy-policy mega-align-bottom-left mega-menu-flyout mega-menu-item-329\" id=\"mega-menu-item-329\"><a class=\"mega-menu-link\" href=\"https:\/\/www.stender-hohenaspe.de\/?page_id=317\" tabindex=\"0\">Datenschutzerkl\u00e4rung<\/a><\/li><li class=\"mega-menu-item mega-menu-item-type-post_type mega-menu-item-object-page mega-align-bottom-left mega-menu-flyout mega-menu-item-156\" id=\"mega-menu-item-156\"><a class=\"mega-menu-link\" href=\"https:\/\/www.stender-hohenaspe.de\/?page_id=74\" tabindex=\"0\">Impressum<\/a><\/li><\/ul><\/div><\/p>\n<p style=\"padding-left: 30px;\"><strong>Vom regionalen Schrottbetrieb zum modernen Verwertungszentrum &#8211; und das nicht nur f\u00fcr Gro\u00dfkunden!<\/strong><br \/>\nUnser traditionsreiches, etabliertes Familienunternehmen wird in der vierten Generation von Herrn Heinrich Stender gef\u00fchrt und hat sich zum innovativen Verwertungsbetrieb f\u00fcr Eisen- und NE-Metalle entwickelt.<br \/>\nEgal, welches Entsorgungsproblem sie dr\u00fcckt, sprechen Sie unser erfahrenes und engagiertes Team einfach an.<\/p>\n","protected":false},"excerpt":{"rendered":"<p>Vom regionalen Schrottbetrieb zum modernen Verwertungszentrum &#8211; und das nicht nur f\u00fcr Gro\u00dfkunden! Unser traditionsreiches, etabliertes Familienunternehmen wird in der vierten Generation von Herrn Heinrich Stender gef\u00fchrt und hat sich zum innovativen Verwertungsbetrieb f\u00fcr Eisen- und NE-Metalle entwickelt. Egal, welches Entsorgungsproblem sie dr\u00fcckt, sprechen Sie unser erfahrenes und engagiertes Team einfach an.<\/p>\n","protected":false},"author":1,"featured_media":0,"parent":2,"menu_order":1,"comment_status":"closed","ping_status":"closed","template":"","meta":{"footnotes":""},"class_list":["post-30","page","type-page","status-publish","hentry"],"_links":{"self":[{"href":"https:\/\/www.stender-hohenaspe.de\/index.php?rest_route=\/wp\/v2\/pages\/30","targetHints":{"allow":["GET"]}}],"collection":[{"href":"https:\/\/www.stender-hohenaspe.de\/index.php?rest_route=\/wp\/v2\/pages"}],"about":[{"href":"https:\/\/www.stender-hohenaspe.de\/index.php?rest_route=\/wp\/v2\/types\/page"}],"author":[{"embeddable":true,"href":"https:\/\/www.stender-hohenaspe.de\/index.php?rest_route=\/wp\/v2\/users\/1"}],"replies":[{"embeddable":true,"href":"https:\/\/www.stender-hohenaspe.de\/index.php?rest_route=%2Fwp%2Fv2%2Fcomments&post=30"}],"version-history":[{"count":11,"href":"https:\/\/www.stender-hohenaspe.de\/index.php?rest_route=\/wp\/v2\/pages\/30\/revisions"}],"predecessor-version":[{"id":401,"href":"https:\/\/www.stender-hohenaspe.de\/index.php?rest_route=\/wp\/v2\/pages\/30\/revisions\/401"}],"up":[{"embeddable":true,"href":"https:\/\/www.stender-hohenaspe.de\/index.php?rest_route=\/wp\/v2\/pages\/2"}],"wp:attachment":[{"href":"https:\/\/www.stender-hohenaspe.de\/index.php?rest_route=%2Fwp%2Fv2%2Fmedia&parent=30"}],"curies":[{"name":"wp","href":"https:\/\/api.w.org\/{rel}","templated":true}]}}